{"id":241,"date":"2025-02-12T11:37:26","date_gmt":"2025-02-12T10:37:26","guid":{"rendered":"http:\/\/hermite.fr\/?page_id=241"},"modified":"2025-02-12T11:57:23","modified_gmt":"2025-02-12T10:57:23","slug":"la-cave","status":"publish","type":"page","link":"http:\/\/hermite.fr\/","title":{"rendered":"La Cave"},"content":{"rendered":"\n<div class=\"wp-block-group alignfull has-base-2-background-color has-background\" style=\"margin-top:0;margin-bottom:0;padding-top:var(--wp--preset--spacing--50);padding-right:var(--wp--preset--spacing--50);padding-bottom:var(--wp--preset--spacing--50);padding-left:var(--wp--preset--spacing--50)\"><div class=\"wp-block-group__inner-container is-layout-constrained wp-container-core-group-is-layout-2bafd31c wp-block-group-is-layout-constrained\">\n<div class=\"wp-block-group is-vertical is-content-justification-center is-layout-flex wp-container-core-group-is-layout-7681721f wp-block-group-is-layout-flex\">\n<h2 class=\"wp-block-heading has-text-align-center is-style-asterisk\">La Compagnie de l&#8217;Hermitage<\/h2>\n\n\n\n<div style=\"height:0px\" aria-hidden=\"true\" class=\"wp-block-spacer wp-container-content-4f2ccadb\"><\/div>\n\n\n\n<p class=\"has-text-align-center\"><\/p>\n<\/div>\n\n\n\n<div style=\"margin-top:0;margin-bottom:0;height:var(--wp--preset--spacing--40)\" aria-hidden=\"true\" class=\"wp-block-spacer\"><\/div>\n\n\n<div class=\"wp-block-image\">\n<figure class=\"aligncenter size-large is-resized\"><img loading=\"lazy\" decoding=\"async\" width=\"1024\" height=\"896\" src=\"http:\/\/hermite.fr\/wp-content\/uploads\/2025\/02\/cropped-shutterstock_229231531-scaled-1-1024x896.jpeg\" alt=\"\" class=\"wp-image-91\" style=\"width:397px;height:auto\" srcset=\"http:\/\/hermite.fr\/wp-content\/uploads\/2025\/02\/cropped-shutterstock_229231531-scaled-1-1024x896.jpeg 1024w, http:\/\/hermite.fr\/wp-content\/uploads\/2025\/02\/cropped-shutterstock_229231531-scaled-1-300x262.jpeg 300w, http:\/\/hermite.fr\/wp-content\/uploads\/2025\/02\/cropped-shutterstock_229231531-scaled-1-768x672.jpeg 768w, http:\/\/hermite.fr\/wp-content\/uploads\/2025\/02\/cropped-shutterstock_229231531-scaled-1-1536x1344.jpeg 1536w, http:\/\/hermite.fr\/wp-content\/uploads\/2025\/02\/cropped-shutterstock_229231531-scaled-1.jpeg 1949w\" sizes=\"auto, (max-width: 706px) 89vw, (max-width: 767px) 82vw, 740px\" \/><\/figure>\n<\/div>\n\n\n<div class=\"wp-block-columns alignwide is-layout-flex wp-container-core-columns-is-layout-2aabe216 wp-block-columns-is-layout-flex\">\n<div class=\"wp-block-column is-layout-flow wp-block-column-is-layout-flow\">\n<h3 class=\"wp-block-heading has-text-align-left is-style-asterisk has-body-font-family has-medium-font-size\" style=\"font-style:normal;font-weight:600\">Des Crus de la R\u00e9gion<\/h3>\n\n\n\n<p><\/p>\n\n\n\n<p class=\"has-text-align-left\">Nous travaillons sur toutes les appellations du Rh\u00f4ne Septentrional que ce soit C\u00f4te R\u00f4tie, Saint Joseph, Cornas ou encore la mythique colline de l&#8217;Hermitage et ses coteaux abruptes.<\/p>\n<\/div>\n\n\n\n<div class=\"wp-block-column is-layout-flow wp-block-column-is-layout-flow\">\n<h3 class=\"wp-block-heading has-text-align-left is-style-asterisk has-body-font-family has-medium-font-size\" style=\"font-style:normal;font-weight:600\">Des Domaines \u00e0 Taille Humaine<\/h3>\n\n\n\n<p><\/p>\n\n\n\n<p class=\"has-text-align-left\">La plupart des appellations \u00e9tant en coteaux, cela n\u00e9cessite un gros travail \u00e0 la vigne (vendanges manuelles, travail des sols au cheval ou au treuil, ..). Cela implique, math\u00e9matiquement, une taille limit\u00e9e ou des investissements extr\u00eamement importants.<\/p>\n<\/div>\n\n\n\n<div class=\"wp-block-column is-layout-flow wp-block-column-is-layout-flow\">\n<h3 class=\"wp-block-heading has-text-align-left is-style-asterisk has-body-font-family has-medium-font-size\" style=\"font-style:normal;font-weight:600\">Une nouvelle g\u00e9n\u00e9ration<\/h3>\n\n\n\n<p><\/p>\n\n\n\n<p class=\"has-text-align-left\">Au fil des ans, de nombreux domaines se sont cr\u00e9\u00e9s (sortie de cave coop\u00e9rative, reprise d&#8217;un fermage, nouvelle plantation &#8230;). Nous essayons de mettre en lumi\u00e8re et de suivre la progression de chacun.<\/p>\n<\/div>\n<\/div>\n\n\n\n<div style=\"height:var(--wp--preset--spacing--20)\" aria-hidden=\"true\" class=\"wp-block-spacer\"><\/div>\n\n\n\n<div class=\"wp-block-columns alignwide is-layout-flex wp-container-core-columns-is-layout-2aabe216 wp-block-columns-is-layout-flex\">\n<div class=\"wp-block-column is-layout-flow wp-block-column-is-layout-flow\">\n<h3 class=\"wp-block-heading has-text-align-left is-style-asterisk has-body-font-family has-medium-font-size\" style=\"font-style:normal;font-weight:600\">Des Domaines Historiques<\/h3>\n\n\n\n<p><\/p>\n\n\n\n<p class=\"has-text-align-left\">Les Fr\u00e8res Gonon, le domaine Bernard Gripa, le domaine Jean Louis Chave, Guillaume Gilles, Andr\u00e9 Perret &#8230; <\/p>\n<\/div>\n\n\n\n<div class=\"wp-block-column is-layout-flow wp-block-column-is-layout-flow\">\n<h3 class=\"wp-block-heading has-text-align-left is-style-asterisk has-body-font-family has-medium-font-size\" style=\"font-style:normal;font-weight:600\">Les D\u00e9gustations<\/h3>\n\n\n\n<p><\/p>\n\n\n\n<p class=\"has-text-align-left\">Nous essayons de proposer r\u00e9guli\u00e8rement des d\u00e9gustations \u00e0 la cave afin de vous faire d\u00e9couvrir les vins, de comparer les styles des diff\u00e9rents domaines et appellations.<\/p>\n<\/div>\n\n\n\n<div class=\"wp-block-column is-layout-flow wp-block-column-is-layout-flow\">\n<h3 class=\"wp-block-heading has-text-align-left is-style-asterisk has-body-font-family has-medium-font-size\" style=\"font-style:normal;font-weight:600\">Le Temps<\/h3>\n\n\n\n<p><\/p>\n\n\n\n<p>Certains vignerons de la r\u00e9gion produisent de tr\u00e8s grands vins. Malheureusement, ils sont souvent bus beaucoup trop t\u00f4t. En ce sens, nous travaillons depuis plusieurs ann\u00e9es au vieillissement des vins afin de pouvoir bient\u00f4t proposer des vins avec 10, 15, 20 ans de garde.<\/p>\n<\/div>\n<\/div>\n<\/div><\/div>\n","protected":false},"excerpt":{"rendered":"","protected":false},"author":1,"featured_media":0,"parent":0,"menu_order":0,"comment_status":"closed","ping_status":"closed","template":"","meta":{"footnotes":""},"class_list":["post-241","page","type-page","status-publish","hentry"],"_links":{"self":[{"href":"http:\/\/hermite.fr\/index.php?rest_route=\/wp\/v2\/pages\/241","targetHints":{"allow":["GET"]}}],"collection":[{"href":"http:\/\/hermite.fr\/index.php?rest_route=\/wp\/v2\/pages"}],"about":[{"href":"http:\/\/hermite.fr\/index.php?rest_route=\/wp\/v2\/types\/page"}],"author":[{"embeddable":true,"href":"http:\/\/hermite.fr\/index.php?rest_route=\/wp\/v2\/users\/1"}],"replies":[{"embeddable":true,"href":"http:\/\/hermite.fr\/index.php?rest_route=%2Fwp%2Fv2%2Fcomments&post=241"}],"version-history":[{"count":3,"href":"http:\/\/hermite.fr\/index.php?rest_route=\/wp\/v2\/pages\/241\/revisions"}],"predecessor-version":[{"id":262,"href":"http:\/\/hermite.fr\/index.php?rest_route=\/wp\/v2\/pages\/241\/revisions\/262"}],"wp:attachment":[{"href":"http:\/\/hermite.fr\/index.php?rest_route=%2Fwp%2Fv2%2Fmedia&parent=241"}],"curies":[{"name":"wp","href":"https:\/\/api.w.org\/{rel}","templated":true}]}}